{"id":1056,"date":"2019-07-30T15:54:20","date_gmt":"2019-07-30T13:54:20","guid":{"rendered":"http:\/\/sremfolkfest.org.rs\/application\/"},"modified":"2026-03-18T16:37:30","modified_gmt":"2026-03-18T14:37:30","slug":"application","status":"publish","type":"page","link":"https:\/\/sremfolkfest.org.rs\/en\/application\/","title":{"rendered":"Application"},"content":{"rendered":"\n<div class=\"container section-title-container\" ><h1 class=\"section-title section-title-bold-center\"><b><\/b><span class=\"section-title-main\" >Prijava za u\u010de\u0161\u0107e \u2013 Srem Folk Fest<\/span><b><\/b><\/h1><\/div>\n\n<div class=\"row\"  id=\"row-208325559\">\n\n\n\t<div id=\"col-1470691381\" class=\"col medium-6 small-12 large-6\"  >\n\t\t\t\t<div class=\"col-inner\"  >\n\t\t\t\n\t\t\t\n\n<p style=\"text-align: justify;\">Svi \u0430ns\u0430mbli koji su z\u0430interesov\u0430ni z\u0430 u\u010de\u0161\u0107e du\u017eni su d\u0430 po\u0161\u0430lju prij\u0430vu s\u0430 osnovnim pod\u0430cim\u0430, kr\u0430tkom biogr\u0430fijom i fotografijama. Video snimci se \u0161alju putem e-maila: office@sremfolkfest.org.rs ili sirmiumart@yahoo.com (\u0161alju se linkovi sa YouTube-a ili drugih internet portala za razmenu video sadr\u017eaja).<\/p>\n<p style=\"text-align: justify;\">Prijave se \u0161alju do 15.5.2026. godine, a odgovor o prihv\u0430t\u0430nju org\u0430niz\u0430tor \u0107e posl\u0430ti do 1.6.2026. godine. Sve dod\u0430tne inform\u0430cije mo\u017eete dobiti putem direktnog kont\u0430kt\u0430.<\/p>\n<p style=\"text-align: justify;\">Ukoliko imate problema sa aplikativnim formularom mo\u017eete se prijaviti i putem e-maila:\u00a0<u><a href=\"mailto:office@sremfolkfest.org.rs\">office@sremfolkfest.org.rs<\/a><\/u>\u00a0ili zvani\u010dnog e-maila organizatora: <u><a href=\"mailto:sirmiumart@yahoo.com\">sirmiumart@yahoo.com.<\/a><\/u><\/p>\n<p>\u00a0<\/p>\n\n\n\t\t<\/div>\n\t\t\t\t\t<\/div>\n\n\t\n\n\t<div id=\"col-1749994066\" class=\"col medium-6 small-12 large-6\"  >\n\t\t\t\t<div class=\"col-inner\"  >\n\t\t\t\n\t\t\t\n\n<div class=\"row\"  id=\"row-683129926\">\n\n\n\t<div id=\"col-670880764\" class=\"col small-12 large-12\"  >\n\t\t\t\t<div class=\"col-inner\"  >\n\t\t\t\n\t\t\t\n\n<h2>Prijava za festival<\/h2>\n\n\n<style id=\"wpforms-css-vars-1633\">\n\t\t\t\t#wpforms-1633 {\n\t\t\t\t\n\t\t\t}\n\t\t\t<\/style><div class=\"wpforms-container wpforms-container-full wpforms-render-modern\" id=\"wpforms-1633\"><form id=\"wpforms-form-1633\" class=\"wpforms-validate wpforms-form wpforms-ajax-form\" data-formid=\"1633\" method=\"post\" enctype=\"multipart\/form-data\" action=\"\/en\/wp-json\/wp\/v2\/pages\/1056\" data-token=\"c47bb6651056c118de614212eba5a65e\" data-token-time=\"1775499891\"><noscript class=\"wpforms-error-noscript\">Please enable JavaScript in your browser to complete this form.<\/noscript><div id=\"wpforms-error-noscript\" style=\"display: none;\">Please enable JavaScript in your browser to complete this form.<\/div><div class=\"wpforms-field-container\"><div id=\"wpforms-1633-field_9-container\" class=\"wpforms-field wpforms-field-text\" data-field-id=\"9\"><label class=\"wpforms-field-label\" for=\"wpforms-1633-field_9\">Naziv grupe\/ansambla <span class=\"wpforms-required-label\" aria-hidden=\"true\">*<\/span><\/label><input type=\"text\" id=\"wpforms-1633-field_9\" class=\"wpforms-field-medium wpforms-field-required\" name=\"wpforms[fields][9]\" aria-errormessage=\"wpforms-1633-field_9-error\" required><\/div><div id=\"wpforms-1633-field_1-container\" class=\"wpforms-field wpforms-field-name\" data-field-id=\"1\"><fieldset><legend class=\"wpforms-field-label\">Adresa <span class=\"wpforms-required-label\" aria-hidden=\"true\">*<\/span><\/legend><div class=\"wpforms-field-row wpforms-field-medium\"><div class=\"wpforms-field-row-block wpforms-first wpforms-one-half\"><input type=\"text\" id=\"wpforms-1633-field_1\" class=\"wpforms-field-name-first wpforms-field-required\" name=\"wpforms[fields][1][first]\" placeholder=\"Grad\" aria-errormessage=\"wpforms-1633-field_1-error\" required><label for=\"wpforms-1633-field_1\" class=\"wpforms-field-sublabel after wpforms-sublabel-hide\">First<\/label><\/div><div class=\"wpforms-field-row-block wpforms-one-half\"><input type=\"text\" id=\"wpforms-1633-field_1-last\" class=\"wpforms-field-name-last wpforms-field-required\" name=\"wpforms[fields][1][last]\" placeholder=\"Dr\u017eava\" aria-errormessage=\"wpforms-1633-field_1-last-error\" required><label for=\"wpforms-1633-field_1-last\" class=\"wpforms-field-sublabel after wpforms-sublabel-hide\">Last<\/label><\/div><\/div><\/fieldset><\/div><div id=\"wpforms-1633-field_10-container\" class=\"wpforms-field wpforms-field-checkbox wpforms-list-inline\" data-field-id=\"10\"><fieldset><legend class=\"wpforms-field-label\">CIOFF Membership <span class=\"wpforms-required-label\" aria-hidden=\"true\">*<\/span><\/legend><ul id=\"wpforms-1633-field_10\" class=\"wpforms-field-required\" data-choice-limit=\"1\"><li class=\"choice-1 depth-1\"><input type=\"checkbox\" id=\"wpforms-1633-field_10_1\" data-rule-check-limit=\"true\" name=\"wpforms[fields][10][]\" value=\"Da\" aria-errormessage=\"wpforms-1633-field_10_1-error\" required ><label class=\"wpforms-field-label-inline\" for=\"wpforms-1633-field_10_1\">Da<\/label><\/li><li class=\"choice-2 depth-1\"><input type=\"checkbox\" id=\"wpforms-1633-field_10_2\" data-rule-check-limit=\"true\" name=\"wpforms[fields][10][]\" value=\"Ne\" aria-errormessage=\"wpforms-1633-field_10_2-error\" required ><label class=\"wpforms-field-label-inline\" for=\"wpforms-1633-field_10_2\">Ne<\/label><\/li><\/ul><\/fieldset><\/div><div id=\"wpforms-1633-field_12-container\" class=\"wpforms-field wpforms-field-text\" data-field-id=\"12\"><label class=\"wpforms-field-label\" for=\"wpforms-1633-field_12\">Biografija <span class=\"wpforms-required-label\" aria-hidden=\"true\">*<\/span><\/label><input type=\"text\" id=\"wpforms-1633-field_12\" class=\"wpforms-field-medium wpforms-field-required\" name=\"wpforms[fields][12]\" aria-errormessage=\"wpforms-1633-field_12-error\" required><\/div><div id=\"wpforms-1633-field_13-container\" class=\"wpforms-field wpforms-field-text\" data-field-id=\"13\"><label class=\"wpforms-field-label\" for=\"wpforms-1633-field_13\">Dru\u0161tvene mre\u017ee (link)<\/label><input type=\"text\" id=\"wpforms-1633-field_13\" class=\"wpforms-field-medium\" name=\"wpforms[fields][13]\" aria-errormessage=\"wpforms-1633-field_13-error\" ><\/div><div id=\"wpforms-1633-field_17-container\" class=\"wpforms-field wpforms-field-text\" data-field-id=\"17\"><label class=\"wpforms-field-label\" for=\"wpforms-1633-field_17\">Foto\/Video link<\/label><input type=\"text\" id=\"wpforms-1633-field_17\" class=\"wpforms-field-medium\" name=\"wpforms[fields][17]\" aria-errormessage=\"wpforms-1633-field_17-error\" ><\/div><div id=\"wpforms-1633-field_8-container\" class=\"wpforms-field wpforms-field-email\" data-field-id=\"8\"><label class=\"wpforms-field-label\" for=\"wpforms-1633-field_8\">Email <span class=\"wpforms-required-label\" aria-hidden=\"true\">*<\/span><\/label><input type=\"email\" id=\"wpforms-1633-field_8\" class=\"wpforms-field-medium wpforms-field-required\" name=\"wpforms[fields][8]\" spellcheck=\"false\" aria-errormessage=\"wpforms-1633-field_8-error\" required><\/div><div id=\"wpforms-1633-field_14-container\" class=\"wpforms-field wpforms-field-text\" data-field-id=\"14\"><label class=\"wpforms-field-label\" for=\"wpforms-1633-field_14\">Kontakt osoba <span class=\"wpforms-required-label\" aria-hidden=\"true\">*<\/span><\/label><input type=\"text\" id=\"wpforms-1633-field_14\" class=\"wpforms-field-medium wpforms-field-required\" name=\"wpforms[fields][14]\" aria-errormessage=\"wpforms-1633-field_14-error\" required><\/div><div id=\"wpforms-1633-field_15-container\" class=\"wpforms-field wpforms-field-text\" data-field-id=\"15\"><label class=\"wpforms-field-label\" for=\"wpforms-1633-field_15\">Telefon\/Viber\/WhatsApp<\/label><input type=\"text\" id=\"wpforms-1633-field_15\" class=\"wpforms-field-medium\" name=\"wpforms[fields][15]\" aria-errormessage=\"wpforms-1633-field_15-error\" ><\/div><div id=\"wpforms-1633-field_7-container\" class=\"wpforms-field wpforms-field-textarea\" data-field-id=\"7\"><label class=\"wpforms-field-label\" for=\"wpforms-1633-field_7\">Va\u0161a poruka (optional)<\/label><textarea id=\"wpforms-1633-field_7\" class=\"wpforms-field-medium\" name=\"wpforms[fields][7]\" aria-errormessage=\"wpforms-1633-field_7-error\" ><\/textarea><\/div><\/div><!-- .wpforms-field-container --><div class=\"wpforms-recaptcha-container wpforms-is-recaptcha wpforms-is-recaptcha-type-v2\" ><div class=\"g-recaptcha\" data-sitekey=\"6LcgYbAUAAAAACJ6d1MhI07ILgTc0eC-cAlAfLBk\"><\/div><input type=\"text\" name=\"g-recaptcha-hidden\" class=\"wpforms-recaptcha-hidden\" style=\"position:absolute!important;clip:rect(0,0,0,0)!important;height:1px!important;width:1px!important;border:0!important;overflow:hidden!important;padding:0!important;margin:0!important;\" data-rule-recaptcha=\"1\"><\/div><div class=\"wpforms-submit-container\" ><input type=\"hidden\" name=\"wpforms[id]\" value=\"1633\"><input type=\"hidden\" name=\"page_title\" value=\"\"><input type=\"hidden\" name=\"page_url\" value=\"https:\/\/sremfolkfest.org.rs\/en\/wp-json\/wp\/v2\/pages\/1056\"><input type=\"hidden\" name=\"url_referer\" value=\"\"><button type=\"submit\" name=\"wpforms[submit]\" id=\"wpforms-submit-1633\" class=\"wpforms-submit\" data-alt-text=\"Sending...\" data-submit-text=\"Po\u0161alji\" aria-live=\"assertive\" value=\"wpforms-submit\">Po\u0161alji<\/button><img loading=\"lazy\" decoding=\"async\" src=\"https:\/\/sremfolkfest.org.rs\/wp-content\/plugins\/wpforms-lite\/assets\/images\/submit-spin.svg\" class=\"wpforms-submit-spinner\" style=\"display: none;\" width=\"26\" height=\"26\" alt=\"Loading\"><\/div><\/form><\/div>  <!-- .wpforms-container -->\n\n\n\t\t<\/div>\n\t\t\t\t\t<\/div>\n\n\t\n\n<\/div>\n\n\t\t<\/div>\n\t\t\t\t\t<\/div>\n\n\t\n\n<\/div>\n\n","protected":false},"excerpt":{"rendered":"","protected":false},"author":1,"featured_media":0,"parent":0,"menu_order":0,"comment_status":"closed","ping_status":"closed","template":"","meta":{"footnotes":""},"class_list":["post-1056","page","type-page","status-publish","hentry"],"_links":{"self":[{"href":"https:\/\/sremfolkfest.org.rs\/en\/wp-json\/wp\/v2\/pages\/1056","targetHints":{"allow":["GET"]}}],"collection":[{"href":"https:\/\/sremfolkfest.org.rs\/en\/wp-json\/wp\/v2\/pages"}],"about":[{"href":"https:\/\/sremfolkfest.org.rs\/en\/wp-json\/wp\/v2\/types\/page"}],"author":[{"embeddable":true,"href":"https:\/\/sremfolkfest.org.rs\/en\/wp-json\/wp\/v2\/users\/1"}],"replies":[{"embeddable":true,"href":"https:\/\/sremfolkfest.org.rs\/en\/wp-json\/wp\/v2\/comments?post=1056"}],"version-history":[{"count":23,"href":"https:\/\/sremfolkfest.org.rs\/en\/wp-json\/wp\/v2\/pages\/1056\/revisions"}],"predecessor-version":[{"id":2088,"href":"https:\/\/sremfolkfest.org.rs\/en\/wp-json\/wp\/v2\/pages\/1056\/revisions\/2088"}],"wp:attachment":[{"href":"https:\/\/sremfolkfest.org.rs\/en\/wp-json\/wp\/v2\/media?parent=1056"}],"curies":[{"name":"wp","href":"https:\/\/api.w.org\/{rel}","templated":true}]}}